{"id":193,"date":"2021-07-03T12:11:12","date_gmt":"2021-07-03T12:11:12","guid":{"rendered":"https:\/\/www.couponthemes.live\/couponpress\/?page_id=193"},"modified":"2025-03-04T12:11:06","modified_gmt":"2025-03-04T12:11:06","slug":"a-propos-de-nous","status":"publish","type":"page","link":"https:\/\/walletrays.com\/fr\/a-propos-de-nous\/","title":{"rendered":"\u00c0 propos de nous"},"content":{"rendered":"\n<p>WalletRays est l\u2019endroit o\u00f9 aller pour des doses quotidiennes de choses divertissantes, motivantes et utiles ! J\u2019ai commenc\u00e9 WalletRays principalement parce que j\u2019aime \u00e9crire et que je veux partager mes id\u00e9es et mes pens\u00e9es avec tout le monde. C\u2019est en quelque sorte un projet passionn\u00e9 pour moi.<\/p>\n\n\n\n<p>Cela \u00e9tant dit, je n\u2019\u00e9cris pas seulement pour moi. Au contraire, lorsque je choisis les sujets de mes articles, vous \u00eates la premi\u00e8re personne \u00e0 laquelle je pense.<\/p>\n\n\n\n<p>Des personnes de tous horizons peuvent ainsi profiter de ce site Web. WalletRays contient toutes les informations dont vous avez besoin, que vous recherchiez des id\u00e9es pour votre prochain voyage, des conseils sur la beaut\u00e9 et la mode ou de l\u2019aide pour \u00e9tablir un budget.<\/p>\n\n\n\n<p>Mais soyons clairs : ce n\u2019est pas une rubrique de conseils. WalletRays est un v\u00e9ritable plaisir \u00e0 prendre. Pourquoi ne pas lire ces citations humoristiques qui peuvent vous faire sourire si vous avez besoin d\u2019un petit remontant ? Ou peut-\u00eatre avez-vous besoin d\u2019inspiration et d\u2019encouragement de la part de quelqu\u2019un ? Tout cela est \u00e0 votre disposition d\u00e8s maintenant sur WalletRays.<\/p>\n\n\n\n<p>Par-dessus tout, je souhaite rendre votre vie plus riche et plus satisfaisante. Si cela vous int\u00e9resse, n\u2019oubliez pas de visiter fr\u00e9quemment WalletRays !<\/p>\n","protected":false},"excerpt":{"rendered":"<p>WalletRays est l\u2019endroit o\u00f9 aller pour des doses quotidiennes de choses divertissantes, motivantes et utiles ! J\u2019ai commenc\u00e9 WalletRays principalement parce que j\u2019aime \u00e9crire et que je veux partager mes id\u00e9es et mes pens\u00e9es avec tout le monde. C\u2019est en quelque sorte un projet passionn\u00e9 pour moi. Cela \u00e9tant dit, je n\u2019\u00e9cris pas seulement pour [&hellip;]<\/p>\n","protected":false},"author":1,"featured_media":0,"parent":0,"menu_order":0,"comment_status":"closed","ping_status":"closed","template":"","meta":{"footnotes":""},"class_list":["post-193","page","type-page","status-publish","hentry"],"_links":{"self":[{"href":"https:\/\/walletrays.com\/fr\/wp-json\/wp\/v2\/pages\/193","targetHints":{"allow":["GET"]}}],"collection":[{"href":"https:\/\/walletrays.com\/fr\/wp-json\/wp\/v2\/pages"}],"about":[{"href":"https:\/\/walletrays.com\/fr\/wp-json\/wp\/v2\/types\/page"}],"author":[{"embeddable":true,"href":"https:\/\/walletrays.com\/fr\/wp-json\/wp\/v2\/users\/1"}],"replies":[{"embeddable":true,"href":"https:\/\/walletrays.com\/fr\/wp-json\/wp\/v2\/comments?post=193"}],"version-history":[{"count":2,"href":"https:\/\/walletrays.com\/fr\/wp-json\/wp\/v2\/pages\/193\/revisions"}],"predecessor-version":[{"id":835,"href":"https:\/\/walletrays.com\/fr\/wp-json\/wp\/v2\/pages\/193\/revisions\/835"}],"wp:attachment":[{"href":"https:\/\/walletrays.com\/fr\/wp-json\/wp\/v2\/media?parent=193"}],"curies":[{"name":"wp","href":"https:\/\/api.w.org\/{rel}","templated":true}]}}